{"id":20,"date":"2023-03-23T02:16:03","date_gmt":"2023-03-23T02:16:03","guid":{"rendered":"http:\/\/localhost\/kontonwp\/?page_id=20"},"modified":"2024-05-06T08:20:41","modified_gmt":"2024-05-06T08:20:41","slug":"hizmetler","status":"publish","type":"page","link":"https:\/\/caninsaatmalzemeleri.com.tr\/?page_id=20","title":{"rendered":"Hizmetler"},"content":{"rendered":"\t\t<div data-elementor-type=\"wp-page\" data-elementor-id=\"20\" class=\"elementor elementor-20\">\n\t\t\t\t\t\t<section class=\"elementor-section elementor-top-section elementor-element elementor-element-6e338a0 elementor-section-stretched elementor-section-boxed elementor-section-height-default elementor-section-height-default\" data-id=\"6e338a0\" data-element_type=\"section\" data-settings=\"{&quot;background_background&quot;:&quot;classic&quot;,&quot;stretch_section&quot;:&quot;section-stretched&quot;}\">\n\t\t\t\t\t\t<div class=\"elementor-container elementor-column-gap-default\">\n\t\t\t\t\t<div class=\"elementor-column elementor-col-100 elementor-top-column elementor-element elementor-element-b14364c\" data-id=\"b14364c\" data-element_type=\"column\">\n\t\t\t<div class=\"elementor-widget-wrap elementor-element-populated\">\n\t\t\t\t\t\t<section class=\"elementor-section elementor-inner-section elementor-element elementor-element-5506c2e elementor-section-full_width elementor-section-height-default elementor-section-height-default\" data-id=\"5506c2e\" data-element_type=\"section\">\n\t\t\t\t\t\t<div class=\"elementor-container elementor-column-gap-default\">\n\t\t\t\t\t<div class=\"elementor-column elementor-col-100 elementor-inner-column elementor-element elementor-element-c2cf4c3\" data-id=\"c2cf4c3\" data-element_type=\"column\">\n\t\t\t<div class=\"elementor-widget-wrap elementor-element-populated\">\n\t\t\t\t\t\t<div class=\"elementor-element elementor-element-01bdd82 elementor-widget elementor-widget-tentaz-core-heading\" data-id=\"01bdd82\" data-element_type=\"widget\" data-widget_type=\"tentaz-core-heading.default\">\n\t\t\t\t<div class=\"elementor-widget-container\">\n\t\t\t        <div class=\"tentaz-heading default center \">\r\n            <div class=\"title-inner\">        \t\t      \t\t\r\n\t            <span class=\"sub-text \">Hizmetlerimiz<\/span><h2 class=\"title\">Neler Sunuyoruz?<\/h2>\t        <\/div>\r\n        <\/div>\r\n\r\n        \t\t<\/div>\n\t\t\t\t<\/div>\n\t\t\t\t\t<\/div>\n\t\t<\/div>\n\t\t\t\t\t<\/div>\n\t\t<\/section>\n\t\t\t\t<section class=\"elementor-section elementor-inner-section elementor-element elementor-element-93074d1 elementor-section-full_width elementor-section-height-default elementor-section-height-default\" data-id=\"93074d1\" data-element_type=\"section\">\n\t\t\t\t\t\t<div class=\"elementor-container elementor-column-gap-default\">\n\t\t\t\t\t<div class=\"elementor-column elementor-col-33 elementor-inner-column elementor-element elementor-element-91f4b2e\" data-id=\"91f4b2e\" data-element_type=\"column\">\n\t\t\t<div class=\"elementor-widget-wrap elementor-element-populated\">\n\t\t\t\t\t\t<div class=\"elementor-element elementor-element-92b947b elementor-widget elementor-widget-tentaz-service-grid-boxes\" data-id=\"92b947b\" data-element_type=\"widget\" data-widget_type=\"tentaz-service-grid-boxes.default\">\n\t\t\t\t<div class=\"elementor-widget-container\">\n\t\t\t\t\t\r\n\t\t<div class=\"tentaz-addon-services services-style1\">\r\n\t\t    <div class=\"services-part\">\r\n\t\t    \t\t\t    \t\t\t\r\n\t    \t\t\t<div class=\"services-icon\">\t\t\t    \t\t\r\n\t\t\t    \t\t\t\t\t    \t\t\t\t\r\n\t\t\t    \t\t\t<img decoding=\"async\" class=\"tentaz_main-img\" src=\"https:\/\/tentaz.com\/theme\/konton\/wp-content\/uploads\/2023\/03\/icon.png\" alt=\"image\"\/>\t\r\n\t\t\t    \t\t\t\t    \t    \t<div class=\"services-btn-part\">\r\n\t\t    \t    \t\t\t\t\t    \t    \t<a class=\"services-icon-btn\" href=\"http:\/\/localhost\/kontonwp\/construction-services\/\">\r\n\t\t\t    \t    \t\t<i class=\"ri-arrow-right-line\"><\/i>    \t\t    \t\t\t\t\r\n\t\t\t    \t    \t<\/a>\r\n\t\t\t    \t    <\/div>\r\n\t\t    \t\t<\/div>\r\n\t\t    \t\t\t    \t\t       \r\n\t\t\t    <div class=\"services-text\">\r\n\r\n\t    \t    \t\t    \t\t    \t<div class=\"services-title\">\r\n\t    \t\t    \t\t    \t\t    \t\t\t<h4 class=\"title\"> <div style=\"font-size: 16px;font-weight: 400\"><h4>\u0130n\u015faat Malzemeleri Hizmetleri<\/h4><\/div><\/h4>\r\n\t    \t\t    \t\t\t\t\t\t    \t\t\r\n\t    \t\t    \t<\/div>\r\n\t    \t    \t\t\t\t\t    \r\n\t\t\t    \t\t\t\t    \t\t<p class=\"services-txt\">  -<\/p>\t\r\n\t\t\t    \t\t\t\t    \t\r\n    \t    \t\t\t\t\t    <\/div>\r\n\t\t\t<\/div>\r\n\t\t<\/div>\t\r\n\t\t\r\n\t\t\t<\/div>\n\t\t\t\t<\/div>\n\t\t\t\t\t<\/div>\n\t\t<\/div>\n\t\t\t\t<div class=\"elementor-column elementor-col-33 elementor-inner-column elementor-element elementor-element-702e578\" data-id=\"702e578\" data-element_type=\"column\">\n\t\t\t<div class=\"elementor-widget-wrap elementor-element-populated\">\n\t\t\t\t\t\t<div class=\"elementor-element elementor-element-e5265b9 elementor-widget elementor-widget-tentaz-service-grid-boxes\" data-id=\"e5265b9\" data-element_type=\"widget\" data-widget_type=\"tentaz-service-grid-boxes.default\">\n\t\t\t\t<div class=\"elementor-widget-container\">\n\t\t\t\t\t\r\n\t\t<div class=\"tentaz-addon-services services-style1\">\r\n\t\t    <div class=\"services-part\">\r\n\t\t    \t\t\t    \t\t\t\r\n\t    \t\t\t<div class=\"services-icon\">\t\t\t    \t\t\r\n\t\t\t    \t\t\t\t\t    \t\t\t\t\r\n\t\t\t    \t\t\t<img decoding=\"async\" class=\"tentaz_main-img\" src=\"https:\/\/tentaz.com\/theme\/konton\/wp-content\/uploads\/2023\/04\/icon1-2.png\" alt=\"image\"\/>\t\r\n\t\t\t    \t\t\t\t    \t    \t<div class=\"services-btn-part\">\r\n\t\t    \t    \t\t\t\t\t    \t    \t<a class=\"services-icon-btn\" href=\"http:\/\/localhost\/kontonwp\/architecture-services\/\">\r\n\t\t\t    \t    \t\t<i class=\"ri-arrow-right-line\"><\/i>    \t\t    \t\t\t\t\r\n\t\t\t    \t    \t<\/a>\r\n\t\t\t    \t    <\/div>\r\n\t\t    \t\t<\/div>\r\n\t\t    \t\t\t    \t\t       \r\n\t\t\t    <div class=\"services-text\">\r\n\r\n\t    \t    \t\t    \t\t    \t<div class=\"services-title\">\r\n\t    \t\t    \t\t    \t\t    \t\t\t<h4 class=\"title\"> <div style=\"font-size: 16px;font-weight: 400\"><h4>Lojistik Hizmetleri<\/h4><\/div><\/h4>\r\n\t    \t\t    \t\t\t\t\t\t    \t\t\r\n\t    \t\t    \t<\/div>\r\n\t    \t    \t\t\t\t\t    \r\n\t\t\t    \t\t\t\t    \t\t<p class=\"services-txt\">  -<\/p>\t\r\n\t\t\t    \t\t\t\t    \t\r\n    \t    \t\t\t\t\t    <\/div>\r\n\t\t\t<\/div>\r\n\t\t<\/div>\t\r\n\t\t\r\n\t\t\t<\/div>\n\t\t\t\t<\/div>\n\t\t\t\t\t<\/div>\n\t\t<\/div>\n\t\t\t\t<div class=\"elementor-column elementor-col-33 elementor-inner-column elementor-element elementor-element-b26dc0f\" data-id=\"b26dc0f\" data-element_type=\"column\">\n\t\t\t<div class=\"elementor-widget-wrap elementor-element-populated\">\n\t\t\t\t\t\t<div class=\"elementor-element elementor-element-7e26337 elementor-widget elementor-widget-tentaz-service-grid-boxes\" data-id=\"7e26337\" data-element_type=\"widget\" data-widget_type=\"tentaz-service-grid-boxes.default\">\n\t\t\t\t<div class=\"elementor-widget-container\">\n\t\t\t\t\t\r\n\t\t<div class=\"tentaz-addon-services services-style1\">\r\n\t\t    <div class=\"services-part\">\r\n\t\t    \t\t\t    \t\t\t\r\n\t    \t\t\t<div class=\"services-icon\">\t\t\t    \t\t\r\n\t\t\t    \t\t\t\t\t    \t\t\t\t\r\n\t\t\t    \t\t\t<img decoding=\"async\" class=\"tentaz_main-img\" src=\"https:\/\/tentaz.com\/theme\/konton\/wp-content\/uploads\/2023\/04\/icon2-3.png\" alt=\"image\"\/>\t\r\n\t\t\t    \t\t\t\t    \t    \t<div class=\"services-btn-part\">\r\n\t\t    \t    \t\t\t\t\t    \t    \t<a class=\"services-icon-btn\" href=\"https:\/\/tentaz.com\/theme\/konton\/manufacturing-services\/\">\r\n\t\t\t    \t    \t\t<i class=\"ri-arrow-right-line\"><\/i>    \t\t    \t\t\t\t\r\n\t\t\t    \t    \t<\/a>\r\n\t\t\t    \t    <\/div>\r\n\t\t    \t\t<\/div>\r\n\t\t    \t\t\t    \t\t       \r\n\t\t\t    <div class=\"services-text\">\r\n\r\n\t    \t    \t\t    \t\t    \t<div class=\"services-title\">\r\n\t    \t\t    \t\t    \t\t    \t\t\t<h4 class=\"title\"> <div style=\"font-size: 16px;font-weight: 400\"><h4>Manufacturing Services.<\/h4><\/div><\/h4>\r\n\t    \t\t    \t\t\t\t\t\t    \t\t\r\n\t    \t\t    \t<\/div>\r\n\t    \t    \t\t\t\t\t    \r\n\t\t\t    \t\t\t\t    \t\t<p class=\"services-txt\">  -<\/p>\t\r\n\t\t\t    \t\t\t\t    \t\r\n    \t    \t\t\t\t\t    <\/div>\r\n\t\t\t<\/div>\r\n\t\t<\/div>\t\r\n\t\t\r\n\t\t\t<\/div>\n\t\t\t\t<\/div>\n\t\t\t\t\t<\/div>\n\t\t<\/div>\n\t\t\t\t\t<\/div>\n\t\t<\/section>\n\t\t\t\t<section class=\"elementor-section elementor-inner-section elementor-element elementor-element-8896b74 elementor-section-full_width elementor-section-height-default elementor-section-height-default\" data-id=\"8896b74\" data-element_type=\"section\">\n\t\t\t\t\t\t<div class=\"elementor-container elementor-column-gap-default\">\n\t\t\t\t\t<div class=\"elementor-column elementor-col-33 elementor-inner-column elementor-element elementor-element-476a3d6\" data-id=\"476a3d6\" data-element_type=\"column\">\n\t\t\t<div class=\"elementor-widget-wrap elementor-element-populated\">\n\t\t\t\t\t\t<div class=\"elementor-element elementor-element-a841a31 elementor-widget elementor-widget-tentaz-service-grid-boxes\" data-id=\"a841a31\" data-element_type=\"widget\" data-widget_type=\"tentaz-service-grid-boxes.default\">\n\t\t\t\t<div class=\"elementor-widget-container\">\n\t\t\t\t\t\r\n\t\t<div class=\"tentaz-addon-services services-style1\">\r\n\t\t    <div class=\"services-part\">\r\n\t\t    \t\t\t    \t\t\t\r\n\t    \t\t\t<div class=\"services-icon\">\t\t\t    \t\t\r\n\t\t\t    \t\t\t\t\t    \t\t\t\t\r\n\t\t\t    \t\t\t<img decoding=\"async\" class=\"tentaz_main-img\" src=\"https:\/\/tentaz.com\/theme\/konton\/wp-content\/uploads\/2023\/04\/icon4-1.png\" alt=\"image\"\/>\t\r\n\t\t\t    \t\t\t\t    \t    \t<div class=\"services-btn-part\">\r\n\t\t    \t    \t\t\t\t\t    \t    \t<a class=\"services-icon-btn\" href=\"https:\/\/tentaz.com\/theme\/konton\/building-renovation\/\">\r\n\t\t\t    \t    \t\t<i class=\"ri-arrow-right-line\"><\/i>    \t\t    \t\t\t\t\r\n\t\t\t    \t    \t<\/a>\r\n\t\t\t    \t    <\/div>\r\n\t\t    \t\t<\/div>\r\n\t\t    \t\t\t    \t\t       \r\n\t\t\t    <div class=\"services-text\">\r\n\r\n\t    \t    \t\t    \t\t    \t<div class=\"services-title\">\r\n\t    \t\t    \t\t    \t\t    \t\t\t<h4 class=\"title\"> Bina Yenileme<\/h4>\r\n\t    \t\t    \t\t\t\t\t\t    \t\t\r\n\t    \t\t    \t<\/div>\r\n\t    \t    \t\t\t\t\t    \r\n\t\t\t    \t\t\t\t    \t\t<p class=\"services-txt\">  -<\/p>\t\r\n\t\t\t    \t\t\t\t    \t\r\n    \t    \t\t\t\t\t    <\/div>\r\n\t\t\t<\/div>\r\n\t\t<\/div>\t\r\n\t\t\r\n\t\t\t<\/div>\n\t\t\t\t<\/div>\n\t\t\t\t\t<\/div>\n\t\t<\/div>\n\t\t\t\t<div class=\"elementor-column elementor-col-33 elementor-inner-column elementor-element elementor-element-7065b60\" data-id=\"7065b60\" data-element_type=\"column\">\n\t\t\t<div class=\"elementor-widget-wrap elementor-element-populated\">\n\t\t\t\t\t\t<div class=\"elementor-element elementor-element-5b94dab elementor-widget elementor-widget-tentaz-service-grid-boxes\" data-id=\"5b94dab\" data-element_type=\"widget\" data-widget_type=\"tentaz-service-grid-boxes.default\">\n\t\t\t\t<div class=\"elementor-widget-container\">\n\t\t\t\t\t\r\n\t\t<div class=\"tentaz-addon-services services-style1\">\r\n\t\t    <div class=\"services-part\">\r\n\t\t    \t\t\t    \t\t\t\r\n\t    \t\t\t<div class=\"services-icon\">\t\t\t    \t\t\r\n\t\t\t    \t\t\t\t\t    \t\t\t\t\r\n\t\t\t    \t\t\t<img decoding=\"async\" class=\"tentaz_main-img\" src=\"https:\/\/tentaz.com\/theme\/konton\/wp-content\/uploads\/2023\/04\/icon5-1.png\" alt=\"image\"\/>\t\r\n\t\t\t    \t\t\t\t    \t    \t<div class=\"services-btn-part\">\r\n\t\t    \t    \t\t\t\t\t    \t    \t<a class=\"services-icon-btn\" href=\"https:\/\/tentaz.com\/theme\/konton\/metal-engineering\/\">\r\n\t\t\t    \t    \t\t<i class=\"ri-arrow-right-line\"><\/i>    \t\t    \t\t\t\t\r\n\t\t\t    \t    \t<\/a>\r\n\t\t\t    \t    <\/div>\r\n\t\t    \t\t<\/div>\r\n\t\t    \t\t\t    \t\t       \r\n\t\t\t    <div class=\"services-text\">\r\n\r\n\t    \t    \t\t    \t\t    \t<div class=\"services-title\">\r\n\t    \t\t    \t\t    \t\t    \t\t\t<h4 class=\"title\"> Metal \u0130\u015fleri<\/h4>\r\n\t    \t\t    \t\t\t\t\t\t    \t\t\r\n\t    \t\t    \t<\/div>\r\n\t    \t    \t\t\t\t\t    \r\n\t\t\t    \t\t\t\t    \t\t<p class=\"services-txt\">  -<\/p>\t\r\n\t\t\t    \t\t\t\t    \t\r\n    \t    \t\t\t\t\t    <\/div>\r\n\t\t\t<\/div>\r\n\t\t<\/div>\t\r\n\t\t\r\n\t\t\t<\/div>\n\t\t\t\t<\/div>\n\t\t\t\t\t<\/div>\n\t\t<\/div>\n\t\t\t\t<div class=\"elementor-column elementor-col-33 elementor-inner-column elementor-element elementor-element-f181702\" data-id=\"f181702\" data-element_type=\"column\">\n\t\t\t<div class=\"elementor-widget-wrap elementor-element-populated\">\n\t\t\t\t\t\t<div class=\"elementor-element elementor-element-f62bc30 elementor-widget elementor-widget-tentaz-service-grid-boxes\" data-id=\"f62bc30\" data-element_type=\"widget\" data-widget_type=\"tentaz-service-grid-boxes.default\">\n\t\t\t\t<div class=\"elementor-widget-container\">\n\t\t\t\t\t\r\n\t\t<div class=\"tentaz-addon-services services-style1\">\r\n\t\t    <div class=\"services-part\">\r\n\t\t    \t\t\t    \t\t\t\r\n\t    \t\t\t<div class=\"services-icon\">\t\t\t    \t\t\r\n\t\t\t    \t\t\t\t\t    \t\t\t\t\r\n\t\t\t    \t\t\t<img decoding=\"async\" class=\"tentaz_main-img\" src=\"https:\/\/tentaz.com\/theme\/konton\/wp-content\/uploads\/2023\/04\/icon6-1.png\" alt=\"image\"\/>\t\r\n\t\t\t    \t\t\t\t    \t    \t<div class=\"services-btn-part\">\r\n\t\t    \t    \t\t\t\t\t    \t    \t<a class=\"services-icon-btn\" href=\"https:\/\/tentaz.com\/theme\/konton\/eco-power-services\/\">\r\n\t\t\t    \t    \t\t<i class=\"ri-arrow-right-line\"><\/i>    \t\t    \t\t\t\t\r\n\t\t\t    \t    \t<\/a>\r\n\t\t\t    \t    <\/div>\r\n\t\t    \t\t<\/div>\r\n\t\t    \t\t\t    \t\t       \r\n\t\t\t    <div class=\"services-text\">\r\n\r\n\t    \t    \t\t    \t\t    \t<div class=\"services-title\">\r\n\t    \t\t    \t\t    \t\t    \t\t\t<h4 class=\"title\"> Kereste \u0130malat\u0131<\/h4>\r\n\t    \t\t    \t\t\t\t\t\t    \t\t\r\n\t    \t\t    \t<\/div>\r\n\t    \t    \t\t\t\t\t    \r\n\t\t\t    \t\t\t\t    \t\t<p class=\"services-txt\">  -<\/p>\t\r\n\t\t\t    \t\t\t\t    \t\r\n    \t    \t\t\t\t\t    <\/div>\r\n\t\t\t<\/div>\r\n\t\t<\/div>\t\r\n\t\t\r\n\t\t\t<\/div>\n\t\t\t\t<\/div>\n\t\t\t\t\t<\/div>\n\t\t<\/div>\n\t\t\t\t\t<\/div>\n\t\t<\/section>\n\t\t\t\t\t<\/div>\n\t\t<\/div>\n\t\t\t\t\t<\/div>\n\t\t<\/section>\n\t\t\t\t<section class=\"elementor-section elementor-top-section elementor-element elementor-element-db90dd4 elementor-section-boxed elementor-section-height-default elementor-section-height-default\" data-id=\"db90dd4\" data-element_type=\"section\" data-settings=\"{&quot;background_background&quot;:&quot;classic&quot;}\">\n\t\t\t\t\t\t<div class=\"elementor-container elementor-column-gap-default\">\n\t\t\t\t\t<div class=\"elementor-column elementor-col-100 elementor-top-column elementor-element elementor-element-6a2ad8c\" data-id=\"6a2ad8c\" data-element_type=\"column\">\n\t\t\t<div class=\"elementor-widget-wrap\">\n\t\t\t\t\t\t\t<\/div>\n\t\t<\/div>\n\t\t\t\t\t<\/div>\n\t\t<\/section>\n\t\t\t\t<section class=\"elementor-section elementor-top-section elementor-element elementor-element-3bdba37 elementor-section-stretched elementor-section-boxed elementor-section-height-default elementor-section-height-default\" data-id=\"3bdba37\" data-element_type=\"section\" data-settings=\"{&quot;stretch_section&quot;:&quot;section-stretched&quot;,&quot;background_background&quot;:&quot;classic&quot;}\">\n\t\t\t\t\t\t\t<div class=\"elementor-background-overlay\"><\/div>\n\t\t\t\t\t\t\t<div class=\"elementor-container elementor-column-gap-default\">\n\t\t\t\t\t<div class=\"elementor-column elementor-col-100 elementor-top-column elementor-element elementor-element-69088fb\" data-id=\"69088fb\" data-element_type=\"column\">\n\t\t\t<div class=\"elementor-widget-wrap elementor-element-populated\">\n\t\t\t\t\t\t<section class=\"elementor-section elementor-inner-section elementor-element elementor-element-9f9d9e9 elementor-section-full_width elementor-section-height-default elementor-section-height-default\" data-id=\"9f9d9e9\" data-element_type=\"section\">\n\t\t\t\t\t\t<div class=\"elementor-container elementor-column-gap-default\">\n\t\t\t\t\t<div class=\"elementor-column elementor-col-50 elementor-inner-column elementor-element elementor-element-de4f83c\" data-id=\"de4f83c\" data-element_type=\"column\">\n\t\t\t<div class=\"elementor-widget-wrap elementor-element-populated\">\n\t\t\t\t\t\t<div class=\"elementor-element elementor-element-f38d025 elementor-widget elementor-widget-image\" data-id=\"f38d025\" data-element_type=\"widget\" data-widget_type=\"image.default\">\n\t\t\t\t<div class=\"elementor-widget-container\">\n\t\t\t\t\t\t\t\t\t\t\t\t\t<img fetchpriority=\"high\" decoding=\"async\" width=\"640\" height=\"666\" src=\"https:\/\/caninsaatmalzemeleri.com.tr\/wp-content\/uploads\/2023\/04\/supprt.jpg\" class=\"attachment-large size-large wp-image-834\" alt=\"\" srcset=\"https:\/\/caninsaatmalzemeleri.com.tr\/wp-content\/uploads\/2023\/04\/supprt.jpg 798w, https:\/\/caninsaatmalzemeleri.com.tr\/wp-content\/uploads\/2023\/04\/supprt-600x625.jpg 600w, https:\/\/caninsaatmalzemeleri.com.tr\/wp-content\/uploads\/2023\/04\/supprt-288x300.jpg 288w, https:\/\/caninsaatmalzemeleri.com.tr\/wp-content\/uploads\/2023\/04\/supprt-768x800.jpg 768w\" sizes=\"(max-width: 640px) 100vw, 640px\" \/>\t\t\t\t\t\t\t\t\t\t\t\t\t<\/div>\n\t\t\t\t<\/div>\n\t\t\t\t\t<\/div>\n\t\t<\/div>\n\t\t\t\t<div class=\"elementor-column elementor-col-50 elementor-inner-column elementor-element elementor-element-475f234\" data-id=\"475f234\" data-element_type=\"column\">\n\t\t\t<div class=\"elementor-widget-wrap elementor-element-populated\">\n\t\t\t\t\t\t<div class=\"elementor-element elementor-element-214db1b elementor-widget elementor-widget-tentaz-core-heading\" data-id=\"214db1b\" data-element_type=\"widget\" data-widget_type=\"tentaz-core-heading.default\">\n\t\t\t\t<div class=\"elementor-widget-container\">\n\t\t\t        <div class=\"tentaz-heading default left \">\r\n            <div class=\"title-inner\">        \t\t      \t\t\r\n\t            <span class=\"sub-text \">\u0130leti\u015fim<\/span><h2 class=\"title\">En \u0130yi \u00c7\u00f6z\u00fcmleri Sunuyoruz\nMutlu M\u00fc\u015fteriler i\u00e7in<\/h2>\t        <\/div>\r\n        <\/div>\r\n\r\n        \t\t<\/div>\n\t\t\t\t<\/div>\n\t\t\t\t<div class=\"elementor-element elementor-element-8497ab1 elementor-widget elementor-widget-tentaz-cf7\" data-id=\"8497ab1\" data-element_type=\"widget\" data-widget_type=\"tentaz-cf7.default\">\n\t\t\t\t<div class=\"elementor-widget-container\">\n\t\t\t\n<div class=\"wpcf7 no-js\" id=\"wpcf7-f5-o1\" lang=\"en-US\" dir=\"ltr\">\n<div class=\"screen-reader-response\"><p role=\"status\" aria-live=\"polite\" aria-atomic=\"true\"><\/p> <ul><\/ul><\/div>\n<form action=\"\/index.php?rest_route=%2Fwp%2Fv2%2Fpages%2F20#wpcf7-f5-o1\" method=\"post\" class=\"wpcf7-form init\" aria-label=\"Contact form\" novalidate=\"novalidate\" data-status=\"init\">\n<div style=\"display: none;\">\n<input type=\"hidden\" name=\"_wpcf7\" value=\"5\" \/>\n<input type=\"hidden\" name=\"_wpcf7_version\" value=\"5.9.8\" \/>\n<input type=\"hidden\" name=\"_wpcf7_locale\" value=\"en_US\" \/>\n<input type=\"hidden\" name=\"_wpcf7_unit_tag\" value=\"wpcf7-f5-o1\" \/>\n<input type=\"hidden\" name=\"_wpcf7_container_post\" value=\"0\" \/>\n<input type=\"hidden\" name=\"_wpcf7_posted_data_hash\" value=\"\" \/>\n<\/div>\n<div class=\"row\">\n\t<div class=\"col-lg-6\">\n\t\t<p><span class=\"wpcf7-form-control-wrap\" data-name=\"your-name\"><input size=\"40\" maxlength=\"400\" class=\"wpcf7-form-control wpcf7-text wpcf7-validates-as-required\" aria-required=\"true\" aria-invalid=\"false\" placeholder=\"Name\" value=\"\" type=\"text\" name=\"your-name\" \/><\/span>\n\t\t<\/p>\n\t<\/div>\n\t<div class=\"col-lg-6\">\n\t\t<p><span class=\"wpcf7-form-control-wrap\" data-name=\"your-email\"><input size=\"40\" maxlength=\"400\" class=\"wpcf7-form-control wpcf7-email wpcf7-validates-as-required wpcf7-text wpcf7-validates-as-email\" aria-required=\"true\" aria-invalid=\"false\" placeholder=\"Email\" value=\"\" type=\"email\" name=\"your-email\" \/><\/span>\n\t\t<\/p>\n\t<\/div>\n\t<div class=\"col-lg-6\">\n\t\t<p><span class=\"wpcf7-form-control-wrap\" data-name=\"your-phone\"><input size=\"40\" maxlength=\"400\" class=\"wpcf7-form-control wpcf7-text wpcf7-validates-as-required\" aria-required=\"true\" aria-invalid=\"false\" placeholder=\"Phone\" value=\"\" type=\"text\" name=\"your-phone\" \/><\/span>\n\t\t<\/p>\n\t<\/div>\n\t<div class=\"col-lg-6\">\n\t\t<p><span class=\"wpcf7-form-control-wrap\" data-name=\"your-subject\"><input size=\"40\" maxlength=\"400\" class=\"wpcf7-form-control wpcf7-text wpcf7-validates-as-required\" aria-required=\"true\" aria-invalid=\"false\" placeholder=\"Subject\" value=\"\" type=\"text\" name=\"your-subject\" \/><\/span>\n\t\t<\/p>\n\t<\/div>\n\t<div class=\"col-lg-12\">\n\t\t<p><span class=\"wpcf7-form-control-wrap\" data-name=\"your-message\"><textarea cols=\"40\" rows=\"10\" maxlength=\"2000\" class=\"wpcf7-form-control wpcf7-textarea\" aria-invalid=\"false\" placeholder=\"Your message\" name=\"your-message\"><\/textarea><\/span>\n\t\t<\/p>\n\t<\/div>\n\t<div class=\"col-lg-12\">\n\t\t<p><input class=\"wpcf7-form-control wpcf7-submit has-spinner\" type=\"submit\" value=\"Send Message\" \/>\n\t\t<\/p>\n\t<\/div>\n<\/div><p style=\"display: none !important;\" class=\"akismet-fields-container\" data-prefix=\"_wpcf7_ak_\"><label>&#916;<textarea name=\"_wpcf7_ak_hp_textarea\" cols=\"45\" rows=\"8\" maxlength=\"100\"><\/textarea><\/label><input type=\"hidden\" id=\"ak_js_1\" name=\"_wpcf7_ak_js\" value=\"118\"\/><script type=\"text\/javascript\">\n\/* <![CDATA[ *\/\ndocument.getElementById( \"ak_js_1\" ).setAttribute( \"value\", ( new Date() ).getTime() );\n\/* ]]> *\/\n<\/script>\n<\/p><div class=\"wpcf7-response-output\" aria-hidden=\"true\"><\/div>\n<\/form>\n<\/div>\n\t\t<\/div>\n\t\t\t\t<\/div>\n\t\t\t\t\t<\/div>\n\t\t<\/div>\n\t\t\t\t\t<\/div>\n\t\t<\/section>\n\t\t\t\t\t<\/div>\n\t\t<\/div>\n\t\t\t\t\t<\/div>\n\t\t<\/section>\n\t\t\t\t<\/div>\n\t\t","protected":false},"excerpt":{"rendered":"<p>Hizmetlerimiz Neler Sunuyoruz? \u0130n\u015faat Malzemeleri Hizmetleri &#8211; Lojistik Hizmetleri &#8211; Manufacturing Services. &#8211; Bina Yenileme &#8211; Metal \u0130\u015fleri &#8211; Kereste \u0130malat\u0131 &#8211; \u0130leti\u015fim En \u0130yi \u00c7\u00f6z\u00fcmleri Sunuyoruz Mutlu M\u00fc\u015fteriler i\u00e7in &#916;<\/p>\n","protected":false},"author":1,"featured_media":0,"parent":0,"menu_order":0,"comment_status":"closed","ping_status":"closed","template":"elementor_header_footer","meta":{"om_disable_all_campaigns":false,"_monsterinsights_skip_tracking":false,"_monsterinsights_sitenote_active":false,"_monsterinsights_sitenote_note":"","_monsterinsights_sitenote_category":0,"_uf_show_specific_survey":0,"_uf_disable_surveys":false,"footnotes":""},"class_list":["post-20","page","type-page","status-publish","hentry"],"aioseo_notices":[],"_links":{"self":[{"href":"https:\/\/caninsaatmalzemeleri.com.tr\/index.php?rest_route=\/wp\/v2\/pages\/20","targetHints":{"allow":["GET"]}}],"collection":[{"href":"https:\/\/caninsaatmalzemeleri.com.tr\/index.php?rest_route=\/wp\/v2\/pages"}],"about":[{"href":"https:\/\/caninsaatmalzemeleri.com.tr\/index.php?rest_route=\/wp\/v2\/types\/page"}],"author":[{"embeddable":true,"href":"https:\/\/caninsaatmalzemeleri.com.tr\/index.php?rest_route=\/wp\/v2\/users\/1"}],"replies":[{"embeddable":true,"href":"https:\/\/caninsaatmalzemeleri.com.tr\/index.php?rest_route=%2Fwp%2Fv2%2Fcomments&post=20"}],"version-history":[{"count":11,"href":"https:\/\/caninsaatmalzemeleri.com.tr\/index.php?rest_route=\/wp\/v2\/pages\/20\/revisions"}],"predecessor-version":[{"id":1943,"href":"https:\/\/caninsaatmalzemeleri.com.tr\/index.php?rest_route=\/wp\/v2\/pages\/20\/revisions\/1943"}],"wp:attachment":[{"href":"https:\/\/caninsaatmalzemeleri.com.tr\/index.php?rest_route=%2Fwp%2Fv2%2Fmedia&parent=20"}],"curies":[{"name":"wp","href":"https:\/\/api.w.org\/{rel}","templated":true}]}}